{"id":100,"date":"2022-10-16T22:15:22","date_gmt":"2022-10-16T20:15:22","guid":{"rendered":"http:\/\/www.liedermann.at\/wordpress\/?page_id=100"},"modified":"2022-10-16T22:15:22","modified_gmt":"2022-10-16T20:15:22","slug":"kalifornische-blueten","status":"publish","type":"page","link":"http:\/\/www.liedermann.at\/wordpress\/kalifornische-blueten\/","title":{"rendered":"Kalifornische Bl\u00fcten"},"content":{"rendered":"\n<p>Richtard Karz begann nach seinem Physik- und Mathematikstudium, sich mit dem Wesen des Menschen und der Pflanzen zu befassen und gr\u00fcndete 1979 nach absolvierten Psychologie Studium zusammen mit Patricia Kaminski die Flower Essence Society in Nevada City, Kalifornien, mit dem Ziel, ausgehend von den 39 Bl\u00fctenessenzen von Dr. Bach weitere Bl\u00fctenessenzen zu entwickeln und zu erforschen. Im Mittelpunkt stehen dabei Bl\u00fcten, die in ihrer Wirkung den Anforderungen der heutigen Zeit eher entsprechen. Bl\u00fctenessenzen wirken aufgrund ihrer Schwingungen und sprechen das emotionale Wohlbefinden, die seelische Entwicklung und die k\u00f6rperlich geistige Gesundheit an. Sie weisen feinstoffliche Kr\u00e4fte auf und tragen die Energiemuster der entsprechenden Pflanze in sich. Damit beeinflussen sie das mentale, emotionale und k\u00f6rperliche Wohlbefinden des Menschen. Die Wirkung l\u00e4sst sich mit den Eindr\u00fccken vergleiche, die wir beim Betrachten eines Kunstwerkes oder dem H\u00f6ren eines Musikst\u00fcckes erleben. Sie k\u00f6nnen schlummernde Lebenskr\u00e4fte im Menschen erwecken. Die Bl\u00fctenessenzen sind kein Ersatz f\u00fcr \u00e4rztliche, medizinische oder psychotherapeutische Behandlung, falls diese angezeigt ist. Vielmehr soll die Anwendung der Essenzen eine ausgewogene Gesundheitstherapie erg\u00e4nzen und unterst\u00fctzen.<\/p>\n","protected":false},"excerpt":{"rendered":"<p>Richtard Karz begann nach seinem Physik- und Mathematikstudium, sich mit dem Wesen des Menschen und der Pflanzen zu befassen und gr\u00fcndete 1979 nach absolvierten Psychologie Studium zusammen mit Patricia Kaminski die Flower Essence Society in Nevada City, Kalifornien, mit dem Ziel, ausgehend von den 39 Bl\u00fctenessenzen von Dr. Bach weitere Bl\u00fctenessenzen zu entwickeln und zu &hellip; <\/p>\n<p class=\"link-more\"><a href=\"http:\/\/www.liedermann.at\/wordpress\/kalifornische-blueten\/\" class=\"more-link\"><span class=\"screen-reader-text\">\u201eKalifornische Bl\u00fcten\u201c <\/span>weiterlesen<\/a><\/p>\n","protected":false},"author":1,"featured_media":0,"parent":0,"menu_order":0,"comment_status":"closed","ping_status":"closed","template":"","meta":{"footnotes":""},"class_list":["post-100","page","type-page","status-publish","hentry"],"_links":{"self":[{"href":"http:\/\/www.liedermann.at\/wordpress\/wp-json\/wp\/v2\/pages\/100","targetHints":{"allow":["GET"]}}],"collection":[{"href":"http:\/\/www.liedermann.at\/wordpress\/wp-json\/wp\/v2\/pages"}],"about":[{"href":"http:\/\/www.liedermann.at\/wordpress\/wp-json\/wp\/v2\/types\/page"}],"author":[{"embeddable":true,"href":"http:\/\/www.liedermann.at\/wordpress\/wp-json\/wp\/v2\/users\/1"}],"replies":[{"embeddable":true,"href":"http:\/\/www.liedermann.at\/wordpress\/wp-json\/wp\/v2\/comments?post=100"}],"version-history":[{"count":1,"href":"http:\/\/www.liedermann.at\/wordpress\/wp-json\/wp\/v2\/pages\/100\/revisions"}],"predecessor-version":[{"id":101,"href":"http:\/\/www.liedermann.at\/wordpress\/wp-json\/wp\/v2\/pages\/100\/revisions\/101"}],"wp:attachment":[{"href":"http:\/\/www.liedermann.at\/wordpress\/wp-json\/wp\/v2\/media?parent=100"}],"curies":[{"name":"wp","href":"https:\/\/api.w.org\/{rel}","templated":true}]}}