{"id":102,"date":"2022-10-16T22:13:24","date_gmt":"2022-10-16T20:13:24","guid":{"rendered":"http:\/\/www.liedermann.at\/wordpress\/?page_id=102"},"modified":"2022-10-16T22:13:24","modified_gmt":"2022-10-16T20:13:24","slug":"kinesiologie","status":"publish","type":"page","link":"http:\/\/www.liedermann.at\/wordpress\/kinesiologie\/","title":{"rendered":"Kinesiologie"},"content":{"rendered":"\n<p>Der Begriff Kinesiologie bezieht sich auf das griechische Wort f\u00fcr Bewegung. In der Angewandten Kinesiologie werden k\u00f6rpereigene Feedbacksysteme genutzt und und anhand von Muskelkraft gemessen. Ein Klient kann &#8222;befragt&#8220; werden, indem die Muskelspannung eines Indikatormuskels gemessen wird. Bei Fragen, die beim Klienten in irgendeiner Form Stress ausl\u00f6sen, wird der Indikatormuskel schwach.<\/p>\n\n\n\n<p>Dies kann sich auf strukturelle, biochemische, psychische oder energetische Probleme beziehen. Der Muskel wird nur schwach, wenn der Mensch ein Problem mit der Substanz, der Struktur oder dem&nbsp;psychischen bzw. energetischem Thema hat.&nbsp;Es lassen sich allgemeine Therapiestrategien oder Akupunkturkombinationen abfragen, die den Muskel dann wieder st\u00e4rken, wenn sie indiziert sind.<\/p>\n\n\n\n<p>Wenn eine Belastung \u00fcber l\u00e4ngere Zeit besteht, kommt es zu einer Unterversorgung, am schw\u00e4chsten Ort entsteht dann &#8222;echte&#8220; Krankheit.<\/p>\n","protected":false},"excerpt":{"rendered":"<p>Der Begriff Kinesiologie bezieht sich auf das griechische Wort f\u00fcr Bewegung. In der Angewandten Kinesiologie werden k\u00f6rpereigene Feedbacksysteme genutzt und und anhand von Muskelkraft gemessen. Ein Klient kann &#8222;befragt&#8220; werden, indem die Muskelspannung eines Indikatormuskels gemessen wird. Bei Fragen, die beim Klienten in irgendeiner Form Stress ausl\u00f6sen, wird der Indikatormuskel schwach. Dies kann sich auf &hellip; <\/p>\n<p class=\"link-more\"><a href=\"http:\/\/www.liedermann.at\/wordpress\/kinesiologie\/\" class=\"more-link\"><span class=\"screen-reader-text\">\u201eKinesiologie\u201c <\/span>weiterlesen<\/a><\/p>\n","protected":false},"author":1,"featured_media":0,"parent":0,"menu_order":0,"comment_status":"closed","ping_status":"closed","template":"","meta":{"footnotes":""},"class_list":["post-102","page","type-page","status-publish","hentry"],"_links":{"self":[{"href":"http:\/\/www.liedermann.at\/wordpress\/wp-json\/wp\/v2\/pages\/102","targetHints":{"allow":["GET"]}}],"collection":[{"href":"http:\/\/www.liedermann.at\/wordpress\/wp-json\/wp\/v2\/pages"}],"about":[{"href":"http:\/\/www.liedermann.at\/wordpress\/wp-json\/wp\/v2\/types\/page"}],"author":[{"embeddable":true,"href":"http:\/\/www.liedermann.at\/wordpress\/wp-json\/wp\/v2\/users\/1"}],"replies":[{"embeddable":true,"href":"http:\/\/www.liedermann.at\/wordpress\/wp-json\/wp\/v2\/comments?post=102"}],"version-history":[{"count":1,"href":"http:\/\/www.liedermann.at\/wordpress\/wp-json\/wp\/v2\/pages\/102\/revisions"}],"predecessor-version":[{"id":103,"href":"http:\/\/www.liedermann.at\/wordpress\/wp-json\/wp\/v2\/pages\/102\/revisions\/103"}],"wp:attachment":[{"href":"http:\/\/www.liedermann.at\/wordpress\/wp-json\/wp\/v2\/media?parent=102"}],"curies":[{"name":"wp","href":"https:\/\/api.w.org\/{rel}","templated":true}]}}