{"id":104,"date":"2022-10-16T22:16:01","date_gmt":"2022-10-16T20:16:01","guid":{"rendered":"http:\/\/www.liedermann.at\/wordpress\/?page_id=104"},"modified":"2022-10-16T22:16:01","modified_gmt":"2022-10-16T20:16:01","slug":"kranio-sakrale-therapie","status":"publish","type":"page","link":"http:\/\/www.liedermann.at\/wordpress\/kranio-sakrale-therapie\/","title":{"rendered":"Kranio &#8211; Sakrale Therapie"},"content":{"rendered":"\n<p>Die Herleitung des Namens der Therapie kommt aus dem Lateinischen: Cranium = Sch\u00e4del, Sacrum = Kreuzbein, Osteopathie = Lehre von der Krankheit der Knochen.<\/p>\n\n\n\n<p>Diese Therapie ist am Ende des 19. Jahrhunderts von dem Amerikaner Dr. Andrew Still begr\u00fcndet worden und ist erst viel sp\u00e4ter nach Europa gekommen. Das Cranio Sakrale System ist ein funktionelles physiologisches System, welches sich aus den Sch\u00e4delknochen, der Wirbels\u00e4ule, dem Sacrum, den Meningealmembranen, der Gehirnfl\u00fcssigkeit und der Speicherung der Cerebrospinalfl\u00fcssigkeit dienenden Strukturen besteht.<\/p>\n\n\n\n<p>Durch sanfte Anregung, durch einen inneren Impuls, wird ein besseres Gleichgewicht, wird Entspannung der betroffenen Areale herbeigef\u00fchrt. Die Selbstheilungsmechanismen des K\u00f6rpers werden angeregt.<\/p>\n","protected":false},"excerpt":{"rendered":"<p>Die Herleitung des Namens der Therapie kommt aus dem Lateinischen: Cranium = Sch\u00e4del, Sacrum = Kreuzbein, Osteopathie = Lehre von der Krankheit der Knochen. Diese Therapie ist am Ende des 19. Jahrhunderts von dem Amerikaner Dr. Andrew Still begr\u00fcndet worden und ist erst viel sp\u00e4ter nach Europa gekommen. Das Cranio Sakrale System ist ein funktionelles &hellip; <\/p>\n<p class=\"link-more\"><a href=\"http:\/\/www.liedermann.at\/wordpress\/kranio-sakrale-therapie\/\" class=\"more-link\"><span class=\"screen-reader-text\">\u201eKranio &#8211; Sakrale Therapie\u201c <\/span>weiterlesen<\/a><\/p>\n","protected":false},"author":1,"featured_media":0,"parent":0,"menu_order":0,"comment_status":"closed","ping_status":"closed","template":"","meta":{"footnotes":""},"class_list":["post-104","page","type-page","status-publish","hentry"],"_links":{"self":[{"href":"http:\/\/www.liedermann.at\/wordpress\/wp-json\/wp\/v2\/pages\/104","targetHints":{"allow":["GET"]}}],"collection":[{"href":"http:\/\/www.liedermann.at\/wordpress\/wp-json\/wp\/v2\/pages"}],"about":[{"href":"http:\/\/www.liedermann.at\/wordpress\/wp-json\/wp\/v2\/types\/page"}],"author":[{"embeddable":true,"href":"http:\/\/www.liedermann.at\/wordpress\/wp-json\/wp\/v2\/users\/1"}],"replies":[{"embeddable":true,"href":"http:\/\/www.liedermann.at\/wordpress\/wp-json\/wp\/v2\/comments?post=104"}],"version-history":[{"count":1,"href":"http:\/\/www.liedermann.at\/wordpress\/wp-json\/wp\/v2\/pages\/104\/revisions"}],"predecessor-version":[{"id":105,"href":"http:\/\/www.liedermann.at\/wordpress\/wp-json\/wp\/v2\/pages\/104\/revisions\/105"}],"wp:attachment":[{"href":"http:\/\/www.liedermann.at\/wordpress\/wp-json\/wp\/v2\/media?parent=104"}],"curies":[{"name":"wp","href":"https:\/\/api.w.org\/{rel}","templated":true}]}}