{"id":106,"date":"2022-10-16T22:12:30","date_gmt":"2022-10-16T20:12:30","guid":{"rendered":"http:\/\/www.liedermann.at\/wordpress\/?page_id=106"},"modified":"2022-10-16T22:12:30","modified_gmt":"2022-10-16T20:12:30","slug":"esogetische-kristallpunktur","status":"publish","type":"page","link":"http:\/\/www.liedermann.at\/wordpress\/esogetische-kristallpunktur\/","title":{"rendered":"Esogetische Kristallpunktur"},"content":{"rendered":"\n<p>Die auf allen drei Ebenen &#8211; Geist\/Information, Seele\/Energie und K\u00f6rper\/Materie &#8211; ansetzende Kristallpunktur kann den regulierenden Einfluss jeder wie auch immer gearteten nachfolgenden Therapie verst\u00e4rken. Vor allem im Bezug auf die Hintergr\u00fcnde von Krankheit und Schmerz hat sich die Kristalltherapie in der Praxis bestens bew\u00e4hrt. Die Chinesischen Punkte auf der Stirne und rund um das Ohr sind hervorragende Begleittherapien &#8211; besonders bei chronischen Krankheiten und Therapieresistenz.<\/p>\n","protected":false},"excerpt":{"rendered":"<p>Die auf allen drei Ebenen &#8211; Geist\/Information, Seele\/Energie und K\u00f6rper\/Materie &#8211; ansetzende Kristallpunktur kann den regulierenden Einfluss jeder wie auch immer gearteten nachfolgenden Therapie verst\u00e4rken. Vor allem im Bezug auf die Hintergr\u00fcnde von Krankheit und Schmerz hat sich die Kristalltherapie in der Praxis bestens bew\u00e4hrt. Die Chinesischen Punkte auf der Stirne und rund um das &hellip; <\/p>\n<p class=\"link-more\"><a href=\"http:\/\/www.liedermann.at\/wordpress\/esogetische-kristallpunktur\/\" class=\"more-link\"><span class=\"screen-reader-text\">\u201eEsogetische Kristallpunktur\u201c <\/span>weiterlesen<\/a><\/p>\n","protected":false},"author":1,"featured_media":0,"parent":0,"menu_order":0,"comment_status":"closed","ping_status":"closed","template":"","meta":{"footnotes":""},"class_list":["post-106","page","type-page","status-publish","hentry"],"_links":{"self":[{"href":"http:\/\/www.liedermann.at\/wordpress\/wp-json\/wp\/v2\/pages\/106","targetHints":{"allow":["GET"]}}],"collection":[{"href":"http:\/\/www.liedermann.at\/wordpress\/wp-json\/wp\/v2\/pages"}],"about":[{"href":"http:\/\/www.liedermann.at\/wordpress\/wp-json\/wp\/v2\/types\/page"}],"author":[{"embeddable":true,"href":"http:\/\/www.liedermann.at\/wordpress\/wp-json\/wp\/v2\/users\/1"}],"replies":[{"embeddable":true,"href":"http:\/\/www.liedermann.at\/wordpress\/wp-json\/wp\/v2\/comments?post=106"}],"version-history":[{"count":1,"href":"http:\/\/www.liedermann.at\/wordpress\/wp-json\/wp\/v2\/pages\/106\/revisions"}],"predecessor-version":[{"id":107,"href":"http:\/\/www.liedermann.at\/wordpress\/wp-json\/wp\/v2\/pages\/106\/revisions\/107"}],"wp:attachment":[{"href":"http:\/\/www.liedermann.at\/wordpress\/wp-json\/wp\/v2\/media?parent=106"}],"curies":[{"name":"wp","href":"https:\/\/api.w.org\/{rel}","templated":true}]}}