{"id":108,"date":"2022-10-16T22:16:25","date_gmt":"2022-10-16T20:16:25","guid":{"rendered":"http:\/\/www.liedermann.at\/wordpress\/?page_id=108"},"modified":"2022-10-16T22:16:25","modified_gmt":"2022-10-16T20:16:25","slug":"zahnakupunktur-nach-gleditsch","status":"publish","type":"page","link":"http:\/\/www.liedermann.at\/wordpress\/zahnakupunktur-nach-gleditsch\/","title":{"rendered":"Zahnakupunktur nach Gleditsch"},"content":{"rendered":"\n<p>Diese wird seit Beginn der 1970er Jahre eingesetzt basierend auf den Grundlagen der&nbsp;<a href=\"http:\/\/www.liedermann.at\/cms\/beratung\/farbpunktur\/\">Farbpunktur<\/a>&nbsp;nach Mandel. Die Hauptpunkte befinden sich in der Mundschleimhaut jeweils unterhalb der Z\u00e4hne. Jeder Zahn wird bestimmten Meridianen zugeordnet. Alle Meridiane sind stellvertretend in Mundschleimhaut und Z\u00e4hnen abgebildet.<\/p>\n\n\n\n<p>Funktionen des gesamten K\u00f6rpers finden sich in einem Gebiet, das eine funktionelle und strukturelle Einheit bildet. \u00dcber die Meridianbez\u00fcge der Punkte l\u00e4sst sich der gesamte K\u00f6rper behandeln.<\/p>\n\n\n\n<p>Der alte Zahnarztspruch &#8222;Gesundheit f\u00e4ngt im Mund an&#8220; bekommt dadurch eine tiefergehende Bedeutung. St\u00f6rungen im Kauapparat wie tote Z\u00e4hne, Wurzelentz\u00fcndungen, oder toxisches F\u00fcllmaterial k\u00f6nnen eine Therapieblockade f\u00fcr andere Therapieverfahren darstellen.<\/p>\n","protected":false},"excerpt":{"rendered":"<p>Diese wird seit Beginn der 1970er Jahre eingesetzt basierend auf den Grundlagen der&nbsp;Farbpunktur&nbsp;nach Mandel. Die Hauptpunkte befinden sich in der Mundschleimhaut jeweils unterhalb der Z\u00e4hne. Jeder Zahn wird bestimmten Meridianen zugeordnet. Alle Meridiane sind stellvertretend in Mundschleimhaut und Z\u00e4hnen abgebildet. Funktionen des gesamten K\u00f6rpers finden sich in einem Gebiet, das eine funktionelle und strukturelle Einheit &hellip; <\/p>\n<p class=\"link-more\"><a href=\"http:\/\/www.liedermann.at\/wordpress\/zahnakupunktur-nach-gleditsch\/\" class=\"more-link\"><span class=\"screen-reader-text\">\u201eZahnakupunktur nach Gleditsch\u201c <\/span>weiterlesen<\/a><\/p>\n","protected":false},"author":1,"featured_media":0,"parent":0,"menu_order":0,"comment_status":"closed","ping_status":"closed","template":"","meta":{"footnotes":""},"class_list":["post-108","page","type-page","status-publish","hentry"],"_links":{"self":[{"href":"http:\/\/www.liedermann.at\/wordpress\/wp-json\/wp\/v2\/pages\/108","targetHints":{"allow":["GET"]}}],"collection":[{"href":"http:\/\/www.liedermann.at\/wordpress\/wp-json\/wp\/v2\/pages"}],"about":[{"href":"http:\/\/www.liedermann.at\/wordpress\/wp-json\/wp\/v2\/types\/page"}],"author":[{"embeddable":true,"href":"http:\/\/www.liedermann.at\/wordpress\/wp-json\/wp\/v2\/users\/1"}],"replies":[{"embeddable":true,"href":"http:\/\/www.liedermann.at\/wordpress\/wp-json\/wp\/v2\/comments?post=108"}],"version-history":[{"count":1,"href":"http:\/\/www.liedermann.at\/wordpress\/wp-json\/wp\/v2\/pages\/108\/revisions"}],"predecessor-version":[{"id":109,"href":"http:\/\/www.liedermann.at\/wordpress\/wp-json\/wp\/v2\/pages\/108\/revisions\/109"}],"wp:attachment":[{"href":"http:\/\/www.liedermann.at\/wordpress\/wp-json\/wp\/v2\/media?parent=108"}],"curies":[{"name":"wp","href":"https:\/\/api.w.org\/{rel}","templated":true}]}}