{"id":42,"date":"2017-04-27T18:21:30","date_gmt":"2017-04-27T16:21:30","guid":{"rendered":"http:\/\/www.liedermann.at\/wordpress\/?page_id=42"},"modified":"2022-10-17T20:56:20","modified_gmt":"2022-10-17T18:56:20","slug":"energie-balance","status":"publish","type":"page","link":"http:\/\/www.liedermann.at\/wordpress\/energie-balance\/","title":{"rendered":"Energiebalance"},"content":{"rendered":"<div id=\"inhalt\">\n<div id=\"c233\" class=\"csc-default\">\n<p class=\"bodytext\"><img loading=\"lazy\" decoding=\"async\" class=\"size-medium wp-image-217 alignright\" src=\"http:\/\/www.liedermann.at\/wordpress\/wp-content\/uploads\/2022\/10\/Nimm-die-Welt-300x197.jpg\" alt=\"\" width=\"300\" height=\"197\" srcset=\"http:\/\/www.liedermann.at\/wordpress\/wp-content\/uploads\/2022\/10\/Nimm-die-Welt-300x197.jpg 300w, http:\/\/www.liedermann.at\/wordpress\/wp-content\/uploads\/2022\/10\/Nimm-die-Welt-1024x673.jpg 1024w, http:\/\/www.liedermann.at\/wordpress\/wp-content\/uploads\/2022\/10\/Nimm-die-Welt-768x505.jpg 768w, http:\/\/www.liedermann.at\/wordpress\/wp-content\/uploads\/2022\/10\/Nimm-die-Welt-1536x1010.jpg 1536w, http:\/\/www.liedermann.at\/wordpress\/wp-content\/uploads\/2022\/10\/Nimm-die-Welt-2048x1347.jpg 2048w\" sizes=\"auto, (max-width: 300px) 100vw, 300px\" \/>Umfassende Beratung in Lebens- und Gesundheitsfragen mit alternativen Heilmethoden<\/p>\n<ul>\n<li>Bachbl\u00fcten<\/li>\n<li>Kalifornische Bl\u00fcten<\/li>\n<li>Energiemessungen<\/li>\n<li>Blockadenauffindung und Behebung mittels Entgiftung<\/li>\n<li>esogetische Farblichttherapie<\/li>\n<li>Kristallpunktur<\/li>\n<li>Zahnakupunktur<\/li>\n<li>Kinesiologie<\/li>\n<li>Akupunkturmassage nach Penzel<\/li>\n<li>Kranio-Sakrale Therapie<\/li>\n<li>Heiltees aus TCM und westlichen Kr\u00e4utern<\/li>\n<li>Energiesteinfindung und Anwendungsm\u00f6glichkeiten<\/li>\n<li>St\u00f6rzonen am Arbeitsplatz oder Schlafplatz<\/li>\n<li>Ausleiten von K\u00f6rper belastenden Substanzen<\/li>\n<li>Unterst\u00fctzung bei Impfungen zur besseren Vertr\u00e4glichkeit derselben<\/li>\n<li>St\u00e4rkung des Immunsystems<\/li>\n<li>Ausleitung von Narkosefolgen und Strahlenbehandlungen<\/li>\n<li>Radi\u00e4stethische Untersuchungen<\/li>\n<\/ul>\n<\/div>\n<\/div>\n","protected":false},"excerpt":{"rendered":"<p>Umfassende Beratung in Lebens- und Gesundheitsfragen mit alternativen Heilmethoden Bachbl\u00fcten Kalifornische Bl\u00fcten Energiemessungen Blockadenauffindung und Behebung mittels Entgiftung esogetische Farblichttherapie Kristallpunktur Zahnakupunktur Kinesiologie Akupunkturmassage nach Penzel Kranio-Sakrale Therapie Heiltees aus TCM und westlichen Kr\u00e4utern Energiesteinfindung und Anwendungsm\u00f6glichkeiten St\u00f6rzonen am Arbeitsplatz oder Schlafplatz Ausleiten von K\u00f6rper belastenden Substanzen Unterst\u00fctzung bei Impfungen zur besseren Vertr\u00e4glichkeit derselben St\u00e4rkung &hellip; <\/p>\n<p class=\"link-more\"><a href=\"http:\/\/www.liedermann.at\/wordpress\/energie-balance\/\" class=\"more-link\"><span class=\"screen-reader-text\">\u201eEnergiebalance\u201c <\/span>weiterlesen<\/a><\/p>\n","protected":false},"author":1,"featured_media":0,"parent":0,"menu_order":0,"comment_status":"closed","ping_status":"closed","template":"","meta":{"footnotes":""},"class_list":["post-42","page","type-page","status-publish","hentry"],"_links":{"self":[{"href":"http:\/\/www.liedermann.at\/wordpress\/wp-json\/wp\/v2\/pages\/42","targetHints":{"allow":["GET"]}}],"collection":[{"href":"http:\/\/www.liedermann.at\/wordpress\/wp-json\/wp\/v2\/pages"}],"about":[{"href":"http:\/\/www.liedermann.at\/wordpress\/wp-json\/wp\/v2\/types\/page"}],"author":[{"embeddable":true,"href":"http:\/\/www.liedermann.at\/wordpress\/wp-json\/wp\/v2\/users\/1"}],"replies":[{"embeddable":true,"href":"http:\/\/www.liedermann.at\/wordpress\/wp-json\/wp\/v2\/comments?post=42"}],"version-history":[{"count":9,"href":"http:\/\/www.liedermann.at\/wordpress\/wp-json\/wp\/v2\/pages\/42\/revisions"}],"predecessor-version":[{"id":221,"href":"http:\/\/www.liedermann.at\/wordpress\/wp-json\/wp\/v2\/pages\/42\/revisions\/221"}],"wp:attachment":[{"href":"http:\/\/www.liedermann.at\/wordpress\/wp-json\/wp\/v2\/media?parent=42"}],"curies":[{"name":"wp","href":"https:\/\/api.w.org\/{rel}","templated":true}]}}