{"id":94,"date":"2022-10-16T22:11:20","date_gmt":"2022-10-16T20:11:20","guid":{"rendered":"http:\/\/www.liedermann.at\/wordpress\/?page_id=94"},"modified":"2022-10-17T21:02:40","modified_gmt":"2022-10-17T19:02:40","slug":"apm-akupunkturmassage-nach-penzel","status":"publish","type":"page","link":"http:\/\/www.liedermann.at\/wordpress\/energie-balance\/apm-akupunkturmassage-nach-penzel\/","title":{"rendered":"APM &#8211; Akupunkturmassage nach Penzel"},"content":{"rendered":"\n<p>Bei dieser Form der Therapie werden mit einem Metallst\u00e4bchen die Meridiane gezogen.&nbsp;Es besteht ein Zusammenhang zwischen dem Energiekreislauf des K\u00f6rpers und seinen Auswirkungen im K\u00f6rper. In der APM wird Energie gezielt verlagert. Auch St\u00f6rbilder, die nach chirurgischen und zahnchirurgischen Eingriffen durch Narben entstehen k\u00f6nnen, lassen sich nun zuordnen und beheben. Die M\u00f6glichkeiten, die sich mit der APM zur Schmerztherapie bieten, seien es nun akute oder chronische Schmerzen, sind vielf\u00e4ltig. Es lassen sich eine Einsparung von Schmerzmitteln bei Beschwerden des Bewegungsapparates, aber auch nachhaltige Schmerzfreiheit bei chronisch&nbsp;kranken Klienten erzielen.<\/p>\n","protected":false},"excerpt":{"rendered":"<p>Bei dieser Form der Therapie werden mit einem Metallst\u00e4bchen die Meridiane gezogen.&nbsp;Es besteht ein Zusammenhang zwischen dem Energiekreislauf des K\u00f6rpers und seinen Auswirkungen im K\u00f6rper. In der APM wird Energie gezielt verlagert. Auch St\u00f6rbilder, die nach chirurgischen und zahnchirurgischen Eingriffen durch Narben entstehen k\u00f6nnen, lassen sich nun zuordnen und beheben. Die M\u00f6glichkeiten, die sich mit &hellip; <\/p>\n<p class=\"link-more\"><a href=\"http:\/\/www.liedermann.at\/wordpress\/energie-balance\/apm-akupunkturmassage-nach-penzel\/\" class=\"more-link\"><span class=\"screen-reader-text\">\u201eAPM &#8211; Akupunkturmassage nach Penzel\u201c <\/span>weiterlesen<\/a><\/p>\n","protected":false},"author":1,"featured_media":0,"parent":42,"menu_order":0,"comment_status":"closed","ping_status":"closed","template":"","meta":{"footnotes":""},"class_list":["post-94","page","type-page","status-publish","hentry"],"_links":{"self":[{"href":"http:\/\/www.liedermann.at\/wordpress\/wp-json\/wp\/v2\/pages\/94","targetHints":{"allow":["GET"]}}],"collection":[{"href":"http:\/\/www.liedermann.at\/wordpress\/wp-json\/wp\/v2\/pages"}],"about":[{"href":"http:\/\/www.liedermann.at\/wordpress\/wp-json\/wp\/v2\/types\/page"}],"author":[{"embeddable":true,"href":"http:\/\/www.liedermann.at\/wordpress\/wp-json\/wp\/v2\/users\/1"}],"replies":[{"embeddable":true,"href":"http:\/\/www.liedermann.at\/wordpress\/wp-json\/wp\/v2\/comments?post=94"}],"version-history":[{"count":3,"href":"http:\/\/www.liedermann.at\/wordpress\/wp-json\/wp\/v2\/pages\/94\/revisions"}],"predecessor-version":[{"id":224,"href":"http:\/\/www.liedermann.at\/wordpress\/wp-json\/wp\/v2\/pages\/94\/revisions\/224"}],"up":[{"embeddable":true,"href":"http:\/\/www.liedermann.at\/wordpress\/wp-json\/wp\/v2\/pages\/42"}],"wp:attachment":[{"href":"http:\/\/www.liedermann.at\/wordpress\/wp-json\/wp\/v2\/media?parent=94"}],"curies":[{"name":"wp","href":"https:\/\/api.w.org\/{rel}","templated":true}]}}