{"id":96,"date":"2022-10-16T22:12:09","date_gmt":"2022-10-16T20:12:09","guid":{"rendered":"http:\/\/www.liedermann.at\/wordpress\/?page_id=96"},"modified":"2022-10-16T22:12:09","modified_gmt":"2022-10-16T20:12:09","slug":"esogetische-farbakupunktur","status":"publish","type":"page","link":"http:\/\/www.liedermann.at\/wordpress\/esogetische-farbakupunktur\/","title":{"rendered":"Esogetische Farbakupunktur"},"content":{"rendered":"\n<p>Die Farbpunktur der esogethischen Medizin ist ein Therapiesystem mit speziellen Farben, Grauschattierungen und Infrarotlicht, das auf die individuellen Bed\u00fcrfnisse des Menschen eingeht. Traditionelle chinesische Medizin und \u00fcberlieferte Farbindikationen werden hier mit den neuesten Erkenntnissen der Biophotonenforschung kombiniert. Die Farbpunktur gleicht einem Kommunikationsnetz, das \u00fcber das Lichtleitsystem des K\u00f6rpers dort eine ausgleichende Informationsregulierung in for einer Schwingungsenergie bewirkt, wo die Ursache einer Belastung zu finden ist. Die Vielschichtigkeit dieses wichtigen Therapieverfahrens l\u00e4sst eine sensible, alle K\u00f6rper und Bewusstseinsebenen mit einbeziehende Behandlung zu.<\/p>\n\n\n\n<p>Symptome und Beschwerden werden nicht nur abgeschw\u00e4cht oder aufgel\u00f6st sondern es finden dar\u00fcber hinaus tiefe Ver\u00e4nderungen statt, die mit dem Bewusstsein und der Deutung des Symptoms zutun haben. Diese Ver\u00e4nderungen f\u00fchren dann zur pers\u00f6nlichen Weiterentwicklung und damit zur wahren Heilung.<\/p>\n\n\n\n<p>Ver\u00e4nderungen von Symptomen stellen sich bei Kindern oft schneller und sichtbarer ein als bei Erwachsenen. Au\u00dferdem bereitet die Farbtherapie den Kindern gro\u00dfes Vergn\u00fcgen. Nicht selten sind sie regelrecht entt\u00e4uscht, wenn die Behandlung beendet wird. Da jede Zelle unseres K\u00f6rpers Licht abstrahlt, f\u00fcgt die Farbpunktur dem Menschen nichts Neues hinzu. Sie versucht lediglich, diese seit jeher in uns vorhandene Urenergie auszugleichen, wenn sie &#8211; wie im Falle einer Erkrankung &#8211; gest\u00f6rt oder verzerrt ist. Je zahlreicher allerdings die Schichte oder Panzer sind, unter denen wir unsere Energie &#8222;versteckt&#8220; haben, desto schwieriger wird es. zu ihr vorzudringen und sie zu aktivieren. Da sich Kinder w\u00e4hrend ihres kurzen Daseins erst wenige dieser Schutzh\u00fcllen zugelegt haben, reagieren sie in der Regel schneller auf die Farbpunktur.<\/p>\n","protected":false},"excerpt":{"rendered":"<p>Die Farbpunktur der esogethischen Medizin ist ein Therapiesystem mit speziellen Farben, Grauschattierungen und Infrarotlicht, das auf die individuellen Bed\u00fcrfnisse des Menschen eingeht. Traditionelle chinesische Medizin und \u00fcberlieferte Farbindikationen werden hier mit den neuesten Erkenntnissen der Biophotonenforschung kombiniert. Die Farbpunktur gleicht einem Kommunikationsnetz, das \u00fcber das Lichtleitsystem des K\u00f6rpers dort eine ausgleichende Informationsregulierung in for einer &hellip; <\/p>\n<p class=\"link-more\"><a href=\"http:\/\/www.liedermann.at\/wordpress\/esogetische-farbakupunktur\/\" class=\"more-link\"><span class=\"screen-reader-text\">\u201eEsogetische Farbakupunktur\u201c <\/span>weiterlesen<\/a><\/p>\n","protected":false},"author":1,"featured_media":0,"parent":0,"menu_order":0,"comment_status":"closed","ping_status":"closed","template":"","meta":{"footnotes":""},"class_list":["post-96","page","type-page","status-publish","hentry"],"_links":{"self":[{"href":"http:\/\/www.liedermann.at\/wordpress\/wp-json\/wp\/v2\/pages\/96","targetHints":{"allow":["GET"]}}],"collection":[{"href":"http:\/\/www.liedermann.at\/wordpress\/wp-json\/wp\/v2\/pages"}],"about":[{"href":"http:\/\/www.liedermann.at\/wordpress\/wp-json\/wp\/v2\/types\/page"}],"author":[{"embeddable":true,"href":"http:\/\/www.liedermann.at\/wordpress\/wp-json\/wp\/v2\/users\/1"}],"replies":[{"embeddable":true,"href":"http:\/\/www.liedermann.at\/wordpress\/wp-json\/wp\/v2\/comments?post=96"}],"version-history":[{"count":1,"href":"http:\/\/www.liedermann.at\/wordpress\/wp-json\/wp\/v2\/pages\/96\/revisions"}],"predecessor-version":[{"id":97,"href":"http:\/\/www.liedermann.at\/wordpress\/wp-json\/wp\/v2\/pages\/96\/revisions\/97"}],"wp:attachment":[{"href":"http:\/\/www.liedermann.at\/wordpress\/wp-json\/wp\/v2\/media?parent=96"}],"curies":[{"name":"wp","href":"https:\/\/api.w.org\/{rel}","templated":true}]}}