{"id":98,"date":"2022-10-16T22:13:10","date_gmt":"2022-10-16T20:13:10","guid":{"rendered":"http:\/\/www.liedermann.at\/wordpress\/?page_id=98"},"modified":"2022-10-16T22:13:10","modified_gmt":"2022-10-16T20:13:10","slug":"heiltees-aus-tcm-und-westlichen-kraeutern","status":"publish","type":"page","link":"http:\/\/www.liedermann.at\/wordpress\/heiltees-aus-tcm-und-westlichen-kraeutern\/","title":{"rendered":"Heiltees aus TCM und westlichen Kr\u00e4utern"},"content":{"rendered":"\n<p>Wenn die f\u00fcnf Elemente Holz, Feuer, Erde, Metall und Wasser im Gleichgewicht sind, so ist ein Mensch aus Sicht der <strong>T<\/strong>raditionellen <strong>C<\/strong>hinesischen <strong>M<\/strong>edizin gesund. Dabei ist nicht nur die Harmonie der Elemente untereinander wichtig, sondern auch die Ausgewogenheit innerhalb eines jeden Elements.<\/p>\n\n\n\n<p>Die TCM lehrt, dass der Mensch ein organisches Ganzes ist. Die einzelnen K\u00f6rperteile kommunizieren miteinander und k\u00f6nnen nicht von einander getrennt werden. Qi ist ein fundamentaler Begriff in der TCM und die wichtigste Grundsubstanz unseren Lebens. Qi bildet den K\u00f6rper, h\u00e4lt das Leben aufrecht, ist immer in Bewegung und hat eine extrem hohe \u00dcberlebenskraft.<\/p>\n\n\n\n<p>Kr\u00e4uter, welche die Eigenschaften kalt, k\u00fchlend, w\u00e4rmend, hei\u00df und neutral haben k\u00f6nnen, beheben und heilen ein&nbsp;Ungleichgewicht im K\u00f6rper.<\/p>\n","protected":false},"excerpt":{"rendered":"<p>Wenn die f\u00fcnf Elemente Holz, Feuer, Erde, Metall und Wasser im Gleichgewicht sind, so ist ein Mensch aus Sicht der Traditionellen Chinesischen Medizin gesund. Dabei ist nicht nur die Harmonie der Elemente untereinander wichtig, sondern auch die Ausgewogenheit innerhalb eines jeden Elements. Die TCM lehrt, dass der Mensch ein organisches Ganzes ist. Die einzelnen K\u00f6rperteile &hellip; <\/p>\n<p class=\"link-more\"><a href=\"http:\/\/www.liedermann.at\/wordpress\/heiltees-aus-tcm-und-westlichen-kraeutern\/\" class=\"more-link\"><span class=\"screen-reader-text\">\u201eHeiltees aus TCM und westlichen Kr\u00e4utern\u201c <\/span>weiterlesen<\/a><\/p>\n","protected":false},"author":1,"featured_media":0,"parent":0,"menu_order":0,"comment_status":"closed","ping_status":"closed","template":"","meta":{"footnotes":""},"class_list":["post-98","page","type-page","status-publish","hentry"],"_links":{"self":[{"href":"http:\/\/www.liedermann.at\/wordpress\/wp-json\/wp\/v2\/pages\/98","targetHints":{"allow":["GET"]}}],"collection":[{"href":"http:\/\/www.liedermann.at\/wordpress\/wp-json\/wp\/v2\/pages"}],"about":[{"href":"http:\/\/www.liedermann.at\/wordpress\/wp-json\/wp\/v2\/types\/page"}],"author":[{"embeddable":true,"href":"http:\/\/www.liedermann.at\/wordpress\/wp-json\/wp\/v2\/users\/1"}],"replies":[{"embeddable":true,"href":"http:\/\/www.liedermann.at\/wordpress\/wp-json\/wp\/v2\/comments?post=98"}],"version-history":[{"count":1,"href":"http:\/\/www.liedermann.at\/wordpress\/wp-json\/wp\/v2\/pages\/98\/revisions"}],"predecessor-version":[{"id":99,"href":"http:\/\/www.liedermann.at\/wordpress\/wp-json\/wp\/v2\/pages\/98\/revisions\/99"}],"wp:attachment":[{"href":"http:\/\/www.liedermann.at\/wordpress\/wp-json\/wp\/v2\/media?parent=98"}],"curies":[{"name":"wp","href":"https:\/\/api.w.org\/{rel}","templated":true}]}}